{"id":47347,"date":"2024-11-05T00:56:12","date_gmt":"2024-11-05T00:56:12","guid":{"rendered":"https:\/\/yokohub.com\/?page_id=47347"},"modified":"2024-11-12T19:51:53","modified_gmt":"2024-11-12T19:51:53","slug":"kdo-smo","status":"publish","type":"page","link":"https:\/\/yokohub.com\/sl\/quem-somos\/","title":{"rendered":"Kdo smo"},"content":{"rendered":"<p>YokoHub je tehnolo\u0161ko spletno mesto, ustvarjeno leta 2024 z namenom zagotavljanja informacij in nasvetov o aplikacijah, financah in drugih temah, povezanih z digitalnim svetom. Verjamemo, da je tehnologija mo\u010dno orodje za preoblikovanje \u017eivljenj in podjetij, zato \u017eelimo pomagati na\u0161im bralcem, da ostanejo na teko\u010dem in kar najbolje izkoristijo ta orodja.<\/p>\n\n\n\n<p>Tukaj v YokoHubu boste na\u0161li \u010dlanke in vadnice, ki so jih napisali tehnolo\u0161ki strokovnjaki, pa tudi ocene in ocene izdelkov in storitev. Ponujamo tudi nasvete in trike, ki vam bodo pomagali kar najbolje izkoristiti va\u0161e mobilne naprave in aplikacije.<\/p>\n\n\n\n<p>Na\u0161o ekipo sestavljajo tehnolo\u0161ki strokovnjaki, novinarji in pisci, ki so vsi predani zagotavljanju visokokakovostne in natan\u010dne vsebine na\u0161im bralcem. Verjamemo, da je tehnologija mo\u010dno orodje za spreminjanje \u017eivljenj in podjetij, na\u0161 cilj pa je pomagati na\u0161im bralcem, da ostanejo na teko\u010dem in kar najbolje izkoristijo ta orodja.<\/p>\n\n\n\n<p>Poleg vsebine na\u0161im bralcem ponujamo tudi mo\u017enost povezovanja z drugimi tehnolo\u0161kimi navdu\u0161enci prek na\u0161ih dru\u017ebenih omre\u017eij in forumov. Cenimo mnenje na\u0161ih bralcev in smo vedno odprti za predloge in povratne informacije za izbolj\u0161anje na\u0161ih storitev.<\/p>\n\n\n\n<p>Spremljajte nas in bodite na teko\u010dem z najnovej\u0161imi trendi in novostmi v svetu tehnologije. Zahvaljujemo se vam za obisk na\u0161e spletne strani in upamo, da se kmalu spet vidimo!<\/p>","protected":false},"excerpt":{"rendered":"<p>YokoHub je tehnolo\u0161ka spletna stran, ustvarjena leta 2024 z namenom zagotavljanja informacij in nasvetov o aplikacijah, financah in drugih temah, povezanih z digitalnim svetom. Verjamemo, da je tehnologija mo\u010dno orodje za spreminjanje \u017eivljenj in podjetij, zato \u017eelimo pomagati na\u0161im bralcem, da ostanejo na teko\u010dem in jo kar najbolje izkoristijo ... <a title=\"Kdo smo\" class=\"read-more\" href=\"https:\/\/yokohub.com\/sl\/quem-somos\/\" aria-label=\"Preberite ve\u010d o tem, kdo smo\">preberi ve\u010d<\/a><\/p>","protected":false},"author":1,"featured_media":0,"parent":0,"menu_order":0,"comment_status":"closed","ping_status":"closed","template":"","meta":{"footnotes":""},"class_list":["post-47347","page","type-page","status-publish"],"_links":{"self":[{"href":"https:\/\/yokohub.com\/sl\/wp-json\/wp\/v2\/pages\/47347","targetHints":{"allow":["GET"]}}],"collection":[{"href":"https:\/\/yokohub.com\/sl\/wp-json\/wp\/v2\/pages"}],"about":[{"href":"https:\/\/yokohub.com\/sl\/wp-json\/wp\/v2\/types\/page"}],"author":[{"embeddable":true,"href":"https:\/\/yokohub.com\/sl\/wp-json\/wp\/v2\/users\/1"}],"replies":[{"embeddable":true,"href":"https:\/\/yokohub.com\/sl\/wp-json\/wp\/v2\/comments?post=47347"}],"version-history":[{"count":2,"href":"https:\/\/yokohub.com\/sl\/wp-json\/wp\/v2\/pages\/47347\/revisions"}],"predecessor-version":[{"id":47751,"href":"https:\/\/yokohub.com\/sl\/wp-json\/wp\/v2\/pages\/47347\/revisions\/47751"}],"wp:attachment":[{"href":"https:\/\/yokohub.com\/sl\/wp-json\/wp\/v2\/media?parent=47347"}],"curies":[{"name":"delovni list","href":"https:\/\/api.w.org\/{rel}","templated":true}]}}