{"id":47341,"date":"2024-11-05T00:53:27","date_gmt":"2024-11-05T00:53:27","guid":{"rendered":"https:\/\/yokohub.com\/?page_id=47341"},"modified":"2025-03-21T23:39:40","modified_gmt":"2025-03-21T23:39:40","slug":"pogoji-uporabe","status":"publish","type":"page","link":"https:\/\/yokohub.com\/sl\/termos-de-uso\/","title":{"rendered":"Pogoji uporabe"},"content":{"rendered":"<h2 class=\"wp-block-heading\">Pogoji uporabe YokoHub<\/h2>\n<p>Z dostopom do spletnega mesta YokoHub se strinjate, da vas zavezujejo ti pogoji storitve, vsi veljavni zakoni in predpisi ter se strinjate, da ste odgovorni za skladnost z vsemi veljavnimi lokalnimi zakoni. \u010ce se ne strinjate s katerim od teh pogojev, vam je prepovedana uporaba ali dostop do tega mesta. Gradivo na tem spletnem mestu je za\u0161\u010diteno z veljavno zakonodajo o avtorskih pravicah in blagovnih znamkah.<\/p>\n<h2 class=\"wp-block-heading\">Uporaba licence<\/h2>\n<p>Dovoljeno je za\u010dasno prenesti eno kopijo gradiva (informacij ali programske opreme) na spletno mesto YokoHub samo za osebni, nekomercialni prehodni ogled. To je podelitev licence, ne prenos lastni\u0161tva, in v skladu s to licenco ne smete:<\/p>\n<ul class=\"wp-block-list\">\n<li>spreminjati ali kopirati materiale;<\/li>\n<li>uporabljati materiale za kakr\u0161ne koli komercialne namene ali za javno prikazovanje (komercialno ali nekomercialno);<\/li>\n<li>poskus dekompilacije ali obratnega in\u017eeniringa katere koli programske opreme na spletnem mestu YokoHub;<\/li>\n<li>odstraniti morebitne avtorske ali druge lastni\u0161ke oznake iz materialov; oz<\/li>\n<li>prenesti materiale na drugo osebo ali &#039;zrcaliti&#039; materiale na katerem koli drugem stre\u017eniku. Ta licenca samodejno preneha veljati, \u010de prekr\u0161ite katero koli od teh omejitev in jo lahko YokoHub kadar koli prekine. Po prekinitvi ogledovanja teh gradiv ali po prekinitvi te licence morate izbrisati vsa prenesena gradiva, ki jih imate v elektronski ali tiskani obliki.<\/li>\n<\/ul>\n<h2 class=\"wp-block-heading\">Zavrnitev odgovornosti<\/h2>\n<p>Gradiva na spletnem mestu YokoHub so na voljo &quot;tak\u0161na, kot so&quot;. YokoHub ne daje nobenih jamstev, izrecnih ali implicitnih, in s tem zavra\u010da in zanika vsa druga jamstva, vklju\u010dno, brez omejitev, implicitnih jamstev ali pogojev primernosti za prodajo, primernosti za dolo\u010den namen ali nekr\u0161itve intelektualne lastnine ali druge kr\u0161itve pravic.<\/p>\n<p>Poleg tega YokoHub ne jam\u010di ali daje nobenih izjav v zvezi s to\u010dnostjo, verjetnimi rezultati ali zanesljivostjo uporabe materialov na svojem spletnem mestu ali kako druga\u010de povezanih s tak\u0161nimi materiali ali na katerem koli mestu, povezanem s tem mestom.<\/p>\n<h2 class=\"wp-block-heading\">Omejitve<\/h2>\n<p>V nobenem primeru YokoHub ali njegovi dobavitelji niso odgovorni za kakr\u0161no koli \u0161kodo (vklju\u010dno, brez omejitev, \u0161kodo zaradi izgube podatkov ali dobi\u010dka ali zaradi prekinitve poslovanja), ki bi nastala zaradi uporabe ali nezmo\u017enosti uporabe materialov na spletni strani YokoHub, tudi \u010de YokoHub ali poobla\u0161\u010deni zastopnik YokoHub je bil ustno ali pisno obve\u0161\u010den o mo\u017enosti tovrstne \u0161kode. Ker nekatere jurisdikcije ne dovoljujejo omejitev implicitnih jamstev ali omejitev odgovornosti za posledi\u010dno ali naklju\u010dno \u0161kodo, te omejitve morda ne veljajo za vas.<\/p>\n<h2 class=\"wp-block-heading\">Natan\u010dnost materialov<\/h2>\n<p>Gradivo, ki se pojavlja na spletnem mestu YokoHub, lahko vklju\u010duje tehni\u010dne, tipografske ali fotografske napake. YokoHub ne jam\u010di, da so materiali na njegovi spletni strani to\u010dni, popolni ali aktualni. YokoHub lahko kadar koli brez predhodnega obvestila spremeni gradivo na svoji spletni strani. Vendar se YokoHub ne zavezuje, da bo posodabljal materiale.<\/p>\n<h2 class=\"wp-block-heading\">Povezave<\/h2>\n<p>YokoHub ni pregledal vseh spletnih mest, povezanih z njegovim spletnim mestom, in ni odgovoren za vsebino katerega koli povezanega spletnega mesta. Vklju\u010ditev katere koli povezave ne pomeni, da YokoHub podpira spletno mesto. Uporaba katere koli povezane strani je na lastno odgovornost uporabnika.<\/p>\n<h2 class=\"wp-block-heading\">Spremembe<\/h2>\n<p>YokoHub lahko te pogoje storitve za svoje spletno mesto kadar koli spremeni brez predhodnega obvestila. Z uporabo te spletne strani se strinjate, da vas zavezuje trenutna razli\u010dica teh pogojev storitve.<\/p>\n<p>Pristojno pravo Ta dolo\u010dila in pogoje urejajo in razlagajo v skladu z zakoni YokoHuba, vi pa se nepreklicno podrejate izklju\u010dni pristojnosti sodi\u0161\u010d v tej dr\u017eavi ali na tej lokaciji.<\/p>\n<h2 id=\"lei-aplicavel\" class=\"wp-block-heading\">Veljavno pravo<\/h2>\n<p>Ta dolo\u010dila in pogoji urejajo in se razlagajo v skladu z zakoni YokoHuba, vi pa se nepreklicno podrejate izklju\u010dni pristojnosti sodi\u0161\u010d v tej dr\u017eavi ali na tej lokaciji.<\/p>","protected":false},"excerpt":{"rendered":"<p>Termos de Uso do YokoHub Ao acessar ao site YokoHub, concorda em cumprir estes termos de servi\u00e7o, todas as leis e regulamentos aplic\u00e1veis e concorda que \u00e9 respons\u00e1vel pelo cumprimento de todas as leis locais aplic\u00e1veis. Se voc\u00ea n\u00e3o concordar com algum desses termos, est\u00e1 proibido de usar ou acessar este site. Os materiais contidos &#8230; <a title=\"Pogoji uporabe\" class=\"read-more\" href=\"https:\/\/yokohub.com\/sl\/termos-de-uso\/\" aria-label=\"Read more about Termos de Uso\">preberi ve\u010d<\/a><\/p>","protected":false},"author":1,"featured_media":0,"parent":0,"menu_order":0,"comment_status":"closed","ping_status":"closed","template":"","meta":{"footnotes":""},"class_list":["post-47341","page","type-page","status-publish"],"_links":{"self":[{"href":"https:\/\/yokohub.com\/sl\/wp-json\/wp\/v2\/pages\/47341","targetHints":{"allow":["GET"]}}],"collection":[{"href":"https:\/\/yokohub.com\/sl\/wp-json\/wp\/v2\/pages"}],"about":[{"href":"https:\/\/yokohub.com\/sl\/wp-json\/wp\/v2\/types\/page"}],"author":[{"embeddable":true,"href":"https:\/\/yokohub.com\/sl\/wp-json\/wp\/v2\/users\/1"}],"replies":[{"embeddable":true,"href":"https:\/\/yokohub.com\/sl\/wp-json\/wp\/v2\/comments?post=47341"}],"version-history":[{"count":4,"href":"https:\/\/yokohub.com\/sl\/wp-json\/wp\/v2\/pages\/47341\/revisions"}],"predecessor-version":[{"id":48359,"href":"https:\/\/yokohub.com\/sl\/wp-json\/wp\/v2\/pages\/47341\/revisions\/48359"}],"wp:attachment":[{"href":"https:\/\/yokohub.com\/sl\/wp-json\/wp\/v2\/media?parent=47341"}],"curies":[{"name":"delovni list","href":"https:\/\/api.w.org\/{rel}","templated":true}]}}