{"id":47347,"date":"2024-11-05T00:56:12","date_gmt":"2024-11-05T00:56:12","guid":{"rendered":"https:\/\/yokohub.com\/?page_id=47347"},"modified":"2024-11-12T19:51:53","modified_gmt":"2024-11-12T19:51:53","slug":"kas-mes-esame","status":"publish","type":"page","link":"https:\/\/yokohub.com\/lt\/quem-somos\/","title":{"rendered":"Kas mes esame"},"content":{"rendered":"<p>YokoHub yra technologij\u0173 svetain\u0117, sukurta 2024 m., kurios tikslas \u2013 teikti informacij\u0105 ir patarimus programomis, finansais ir kitomis temomis, susijusiomis su skaitmeniniu pasauliu. Manome, kad technologijos yra galingas \u012frankis pakeisti gyvenim\u0105 ir versl\u0105, tod\u0117l norime pad\u0117ti savo skaitytojams gauti naujausi\u0105 informacij\u0105 ir i\u0161naudoti visas \u0161i\u0173 \u012franki\u0173 galimybes.<\/p>\n\n\n\n<p>\u010cia, YokoHub, rasite straipsni\u0173 ir vadov\u0117li\u0173, kuriuos para\u0161\u0117 technologij\u0173 ekspertai, taip pat produkt\u0173 ir paslaug\u0173 ap\u017evalgas bei analiz\u0119. Taip pat si\u016blome patarim\u0173 ir gudrybi\u0173, pad\u0117sian\u010di\u0173 i\u0161naudoti visas mobili\u0173j\u0173 \u012frengini\u0173 ir program\u0173 galimybes.<\/p>\n\n\n\n<p>M\u016bs\u0173 komand\u0105 sudaro technologij\u0173 ekspertai, \u017eurnalistai ir ra\u0161ytojai, kurie yra \u012fsipareigoj\u0119 skaitytojams teikti auk\u0161tos kokyb\u0117s ir tiksl\u0173 turin\u012f. Tikime, kad technologijos yra galingas \u012frankis, galintis pakeisti gyvenim\u0105 ir versl\u0105, o m\u016bs\u0173 tikslas \u2013 pad\u0117ti m\u016bs\u0173 skaitytojams gauti naujausi\u0105 informacij\u0105 ir i\u0161naudoti visas \u0161i\u0173 \u012franki\u0173 galimybes.<\/p>\n\n\n\n<p>Be turinio, mes taip pat si\u016blome savo skaitytojams galimyb\u0119 susisiekti su kitais technologij\u0173 entuziastais per m\u016bs\u0173 socialin\u0117s \u017einiasklaidos kanalus ir diskusij\u0173 forumus. Vertiname savo skaitytoj\u0173 nuomones ir visada esame atviri pasi\u016blymams ir atsiliepimams, kaip pagerinti savo paslaugas.<\/p>\n\n\n\n<p>Sekite mus ir gaukite naujausias tendencijas ir naujienas technologij\u0173 pasaulyje. D\u0117kojame, kad apsilank\u0117te m\u016bs\u0173 svetain\u0117je ir tikim\u0117s, kad netrukus v\u0117l susitiksime!<\/p>","protected":false},"excerpt":{"rendered":"<p>\u201eYokoHub\u201c yra technologij\u0173 svetain\u0117, sukurta 2024 m., kurios tikslas \u2013 teikti informacij\u0105 ir patarimus apie programas, finansus ir kitas su skaitmeniniu pasauliu susijusias temas. Tikime, kad technologijos yra galingas \u012frankis, kei\u010diantis gyvenimus ir versl\u0105, tod\u0117l norime pad\u0117ti savo skaitytojams neatsilikti nuo naujausi\u0173 naujien\u0173 ir kuo geriau i\u0161naudoti visas j\u0173 galimybes... <a title=\"Kas mes esame\" class=\"read-more\" href=\"https:\/\/yokohub.com\/lt\/quem-somos\/\" aria-label=\"Skaitykite daugiau apie tai, kas mes esame\">skaityti daugiau<\/a><\/p>","protected":false},"author":1,"featured_media":0,"parent":0,"menu_order":0,"comment_status":"closed","ping_status":"closed","template":"","meta":{"footnotes":""},"class_list":["post-47347","page","type-page","status-publish"],"_links":{"self":[{"href":"https:\/\/yokohub.com\/lt\/wp-json\/wp\/v2\/pages\/47347","targetHints":{"allow":["GET"]}}],"collection":[{"href":"https:\/\/yokohub.com\/lt\/wp-json\/wp\/v2\/pages"}],"about":[{"href":"https:\/\/yokohub.com\/lt\/wp-json\/wp\/v2\/types\/page"}],"author":[{"embeddable":true,"href":"https:\/\/yokohub.com\/lt\/wp-json\/wp\/v2\/users\/1"}],"replies":[{"embeddable":true,"href":"https:\/\/yokohub.com\/lt\/wp-json\/wp\/v2\/comments?post=47347"}],"version-history":[{"count":2,"href":"https:\/\/yokohub.com\/lt\/wp-json\/wp\/v2\/pages\/47347\/revisions"}],"predecessor-version":[{"id":47751,"href":"https:\/\/yokohub.com\/lt\/wp-json\/wp\/v2\/pages\/47347\/revisions\/47751"}],"wp:attachment":[{"href":"https:\/\/yokohub.com\/lt\/wp-json\/wp\/v2\/media?parent=47347"}],"curies":[{"name":"wp","href":"https:\/\/api.w.org\/{rel}","templated":true}]}}