{"id":47341,"date":"2024-11-05T00:53:27","date_gmt":"2024-11-05T00:53:27","guid":{"rendered":"https:\/\/yokohub.com\/?page_id=47341"},"modified":"2025-03-21T23:39:40","modified_gmt":"2025-03-21T23:39:40","slug":"naudojimo-salygos","status":"publish","type":"page","link":"https:\/\/yokohub.com\/lt\/termos-de-uso\/","title":{"rendered":"Naudojimo s\u0105lygos"},"content":{"rendered":"<h2 class=\"wp-block-heading\">\u201eYokoHub\u201c naudojimo s\u0105lygos<\/h2>\n<p>Prisijungdami prie \u201eYokoHub\u201c svetain\u0117s sutinkate laikytis \u0161i\u0173 paslaug\u0173 teikimo s\u0105lyg\u0173, vis\u0173 taikom\u0173 \u012fstatym\u0173 ir taisykli\u0173 bei sutinkate, kad esate atsakingi u\u017e vis\u0173 taikom\u0173 vietini\u0173 \u012fstatym\u0173 laikym\u0105si. Jei nesutinkate su bet kuria i\u0161 \u0161i\u0173 s\u0105lyg\u0173, jums draud\u017eiama naudotis \u0161ia svetaine ar prie jos prieiti. \u0160ioje svetain\u0117je esanti med\u017eiaga yra saugoma galiojan\u010di\u0173 autori\u0173 teisi\u0173 ir preki\u0173 \u017eenkl\u0173 \u012fstatym\u0173.<\/p>\n<h2 class=\"wp-block-heading\">Naudokite licencij\u0105<\/h2>\n<p>Suteikiamas leidimas laikinai atsisi\u0173sti vien\u0105 med\u017eiagos (informacijos ar programin\u0117s \u012frangos) kopij\u0105 i\u0161 YokoHub svetain\u0117s tik asmeniniam, nekomerciniam laikinai per\u017ei\u016brai. Tai yra licencijos suteikimas, o ne nuosavyb\u0117s teis\u0117s perleidimas, ir pagal \u0161i\u0105 licencij\u0105 j\u016bs negalite:<\/p>\n<ul class=\"wp-block-list\">\n<li>keisti arba kopijuoti med\u017eiag\u0105;<\/li>\n<li>naudoti med\u017eiag\u0105 bet kokiais komerciniais tikslais arba vie\u0161ai demonstruoti (komerciniais ar nekomerciniais tikslais);<\/li>\n<li>bandyti dekompiliuoti arba pakeisti bet koki\u0105 programin\u0119 \u012frang\u0105, esan\u010di\u0105 YokoHub svetain\u0117je;<\/li>\n<li>pa\u0161alinti i\u0161 med\u017eiagos bet kokias autori\u0173 teises ar kitus nuosavyb\u0117s \u017eenklus; arba<\/li>\n<li>perduoti med\u017eiag\u0105 kitam asmeniui arba \u201eatspind\u0117ti\u201c med\u017eiag\u0105 bet kuriame kitame serveryje. \u0160i licencija automati\u0161kai nustoja galioti, jei pa\u017eeid\u017eiate kur\u012f nors i\u0161 \u0161i\u0173 apribojim\u0173, ir \u201eYokoHub\u201c gali j\u0105 bet kada nutraukti. Nutraukus \u0161ios med\u017eiagos per\u017ei\u016br\u0105 arba nutraukus \u0161ios licencijos galiojim\u0105, j\u016bs privalote sunaikinti bet koki\u0105 atsisi\u0173st\u0105 med\u017eiag\u0105, kuri\u0105 turite elektroniniu ar spausdintu formatu.<\/li>\n<\/ul>\n<h2 class=\"wp-block-heading\">Atsisakymas<\/h2>\n<p>\u201eYokoHub\u201c svetain\u0117je esanti med\u017eiaga pateikiama tokia, kokia yra. \u201eYokoHub\u201c nesuteikia joki\u0173 i\u0161reik\u0161t\u0173 ar numanom\u0173 garantij\u0173, taip pat atsisako ir paneigia vis\u0173 kit\u0173 garantij\u0173, \u012fskaitant, be apribojim\u0173, numanomas garantijas ar tinkamumo parduoti, tinkamumo tam tikram tikslui arba intelektin\u0117s nuosavyb\u0117s nepa\u017eeidimo ar kitokio teisi\u0173 pa\u017eeidimo s\u0105lygas.<\/p>\n<p>Be to, \u201eYokoHub\u201c negarantuoja ir neteikia joki\u0173 parei\u0161kim\u0173 d\u0117l med\u017eiagos naudojimo tikslumo, tik\u0117tin\u0173 rezultat\u0173 ar patikimumo savo svetain\u0117je ar kitaip susijusio su tokia med\u017eiaga ar bet kokiomis su \u0161ia svetaine susietose svetain\u0117se.<\/p>\n<h2 class=\"wp-block-heading\">Apribojimai<\/h2>\n<p>Jokiu b\u016bdu \u201eYokoHub\u201c ar jo tiek\u0117jai n\u0117ra atsakingi u\u017e joki\u0105 \u017eal\u0105 (\u012fskaitant, bet neapsiribojant, \u017eal\u0105 d\u0117l prarast\u0173 duomen\u0173 ar pelno arba d\u0117l verslo nutraukimo), atsiradusi\u0105 d\u0117l YokoHub med\u017eiagos naudojimo arba negal\u0117jimo naudoti med\u017eiagos, net jei \u201eYokoHub\u201c arba \u012fgaliotam \u201eYokoHub\u201c atstovui buvo prane\u0161ta \u017eod\u017eiu arba ra\u0161tu apie tokios \u017ealos galimyb\u0119. Kadangi kai kurios jurisdikcijos neleid\u017eia apriboti numanom\u0173 garantij\u0173 arba atsakomyb\u0117s u\u017e pasekminius ar atsitiktinius nuostolius, \u0161ie apribojimai jums gali b\u016bti netaikomi.<\/p>\n<h2 class=\"wp-block-heading\">Med\u017eiag\u0173 tikslumas<\/h2>\n<p>\u201eYokoHub\u201c svetain\u0117je rodomoje med\u017eiagoje gali b\u016bti technini\u0173, spausdinimo ar fotografijos klaid\u0173. \u201eYokoHub\u201c negarantuoja, kad jo svetain\u0117je esanti med\u017eiaga yra tiksli, i\u0161sami ar naujausia. \u201eYokoHub\u201c gali bet kuriuo metu be \u012fsp\u0117jimo keisti savo svetain\u0117je esan\u010di\u0105 med\u017eiag\u0105. Ta\u010diau \u201eYokoHub\u201c ne\u012fsipareigoja atnaujinti med\u017eiagos.<\/p>\n<h2 class=\"wp-block-heading\">Nuorodos<\/h2>\n<p>\u201eYokoHub\u201c neper\u017ei\u016br\u0117jo vis\u0173 su jo svetaine susiet\u0173 svetaini\u0173 ir n\u0117ra atsakinga u\u017e toki\u0173 svetaini\u0173 turin\u012f. Bet kokios nuorodos \u012ftraukimas nerei\u0161kia, kad \u201eYokoHub\u201c patvirtina svetain\u0119. Naudodamasis bet kokia nuoroda susijusia svetaine prisiima vartotojo rizik\u0105.<\/p>\n<h2 class=\"wp-block-heading\">Modifikacijos<\/h2>\n<p>\u201eYokoHub\u201c gali bet kuriuo metu be \u012fsp\u0117jimo per\u017ei\u016br\u0117ti \u0161ias paslaug\u0173 teikimo s\u0105lygas savo svetainei. Naudodami \u0161i\u0105 svetain\u0119 sutinkate laikytis galiojan\u010dios \u0161i\u0173 paslaug\u0173 teikimo s\u0105lyg\u0173 versijos.<\/p>\n<p>Taikanti teis\u0117 \u0160ios s\u0105lygos yra reglamentuojamos ir ai\u0161kinamos pagal YokoHub \u012fstatymus, tod\u0117l j\u016bs neat\u0161aukiamai pakl\u016bstate i\u0161skirtinei tos valstyb\u0117s ar vietos teism\u0173 jurisdikcijai.<\/p>\n<h2 id=\"lei-aplicavel\" class=\"wp-block-heading\">Taikytina teis\u0117<\/h2>\n<p>\u0160ios s\u0105lygos yra reglamentuojamos ir ai\u0161kinamos pagal YokoHub \u012fstatymus, tod\u0117l j\u016bs neat\u0161aukiamai pakl\u016bstate i\u0161skirtinei tos valstijos ar vietos teism\u0173 jurisdikcijai.<\/p>","protected":false},"excerpt":{"rendered":"<p>Termos de Uso do YokoHub Ao acessar ao site YokoHub, concorda em cumprir estes termos de servi\u00e7o, todas as leis e regulamentos aplic\u00e1veis e concorda que \u00e9 respons\u00e1vel pelo cumprimento de todas as leis locais aplic\u00e1veis. Se voc\u00ea n\u00e3o concordar com algum desses termos, est\u00e1 proibido de usar ou acessar este site. Os materiais contidos &#8230; <a title=\"Naudojimo s\u0105lygos\" class=\"read-more\" href=\"https:\/\/yokohub.com\/lt\/termos-de-uso\/\" aria-label=\"Read more about Termos de Uso\">skaityti daugiau<\/a><\/p>","protected":false},"author":1,"featured_media":0,"parent":0,"menu_order":0,"comment_status":"closed","ping_status":"closed","template":"","meta":{"footnotes":""},"class_list":["post-47341","page","type-page","status-publish"],"_links":{"self":[{"href":"https:\/\/yokohub.com\/lt\/wp-json\/wp\/v2\/pages\/47341","targetHints":{"allow":["GET"]}}],"collection":[{"href":"https:\/\/yokohub.com\/lt\/wp-json\/wp\/v2\/pages"}],"about":[{"href":"https:\/\/yokohub.com\/lt\/wp-json\/wp\/v2\/types\/page"}],"author":[{"embeddable":true,"href":"https:\/\/yokohub.com\/lt\/wp-json\/wp\/v2\/users\/1"}],"replies":[{"embeddable":true,"href":"https:\/\/yokohub.com\/lt\/wp-json\/wp\/v2\/comments?post=47341"}],"version-history":[{"count":4,"href":"https:\/\/yokohub.com\/lt\/wp-json\/wp\/v2\/pages\/47341\/revisions"}],"predecessor-version":[{"id":48359,"href":"https:\/\/yokohub.com\/lt\/wp-json\/wp\/v2\/pages\/47341\/revisions\/48359"}],"wp:attachment":[{"href":"https:\/\/yokohub.com\/lt\/wp-json\/wp\/v2\/media?parent=47341"}],"curies":[{"name":"wp","href":"https:\/\/api.w.org\/{rel}","templated":true}]}}