{"id":47343,"date":"2024-11-05T00:54:52","date_gmt":"2024-11-05T00:54:52","guid":{"rendered":"https:\/\/yokohub.com\/?page_id=47343"},"modified":"2025-03-24T05:19:13","modified_gmt":"2025-03-24T05:19:13","slug":"politica-sulla-riservatezza","status":"publish","type":"page","link":"https:\/\/yokohub.com\/it\/politica-de-privacidade\/","title":{"rendered":"politica sulla riservatezza"},"content":{"rendered":"<p>Tutte le informazioni raccolte verranno utilizzate per migliorare la tua esperienza sul nostro sito web. Le informazioni raccolte possono includere il tuo nome, email, numero di telefono e\/o altro.<\/p>\n<p>L&#039;utilizzo di YokoHub presuppone l&#039;accettazione del presente Accordo sulla privacy. Se l&#039;utente non condivide, anche in parte, i termini e le condizioni contenuti nella presente Privacy Policy, non dovr\u00e0 accedere e\/o utilizzare i contenuti offerti da YokoHub. Utilizzando il sito web, l&#039;Utente riconosce e acconsente pienamente al trattamento dei propri dati, in conformit\u00e0 con i termini della presente Informativa sulla Privacy e delle Condizioni Generali d&#039;Uso.<\/p>\n<p>Ci riserviamo il diritto di modificare la presente informativa sulla privacy in qualsiasi momento, senza il consenso o la notifica degli Utenti, pertanto si prega di rivederla frequentemente. Le modifiche e i chiarimenti avranno effetto immediatamente dopo la loro pubblicazione sul sito. Se apportiamo modifiche sostanziali a questa politica, ti informeremo qui che sono state aggiornate, in modo che tu sia consapevole di quali informazioni raccogliamo, come le utilizziamo e in quali circostanze, se presenti, utilizziamo e\/o divulghiamo Esso.<\/p>\n<p>YokoHub rispetta la privacy dei propri utenti e la trasparenza nel modo in cui vengono utilizzati i dati. La nostra Informativa sulla privacy \u00e8 stata redatta in conformit\u00e0 con gli standard internazionali e nazionali sulla protezione dei dati.<\/p>\n<p>La presente Informativa sulla privacy deve essere letta e interpretata congiuntamente ai Termini e condizioni generali d&#039;uso di YokoHub, disponibili all&#039;indirizzo <a href=\"https:\/\/yokohub.com\/it\/termini-di-utilizzo\/\">https:\/\/yokohub.com\/termos-de-uso\/<\/a><\/p>\n<h2 class=\"wp-block-heading\">Informazioni generali per gli utenti<\/h2>\n<p>YokoHub mira a condividere informazioni con i propri Utenti, rendendo la conoscenza accessibile a tutti. L&#039;utente pu\u00f2 navigare sul sito YokoHub senza doversi registrare preventivamente.<\/p>\n<p>YokoHub segue le norme e gli standard internazionali di sicurezza in materia di archiviazione, protezione, privacy e trasmissione dei dati, evidenziando che nessun metodo di archiviazione, protezione, privacy e trasmissione dei dati \u00e8 100% sicuro e inviolabile.<\/p>\n<p>YokoHub adotta pratiche e tecnologie che vengono costantemente riviste e migliorate, in base ai progressi tecnici e normativi nazionali ed esteri. Quando parliamo di protezione ci riferiamo a qualsiasi accesso, utilizzo, alterazione, divulgazione o distruzione non autorizzati dei tuoi dati. Per evitare che ci\u00f2 accada, investiamo in misure che includono comunicazioni crittografate, controllo degli accessi, aderenza allo sviluppo di software sicuro, politiche di conformit\u00e0 interna e misure di responsabilit\u00e0 e mitigazione del rischio che garantiscono la sicurezza nel ciclo di vita dei dati. Le informazioni dell&#039;utente vengono inoltre archiviate in database sicuri, rinomati e riconosciuti a livello internazionale.<\/p>\n<p>YokoHub non richiede in nessun caso somme di denaro per rilasciare alcun tipo di prodotto, qualunque esso sia. Se ci\u00f2 accade, faccelo sapere immediatamente.<\/p>\n<p>Lavoriamo per mantenere tutte le informazioni il pi\u00f9 aggiornate possibile. Tuttavia, vale la pena notare che queste informazioni potrebbero differire dalle informazioni che si trovano sui siti web delle istituzioni o dei fornitori di servizi di un sito web specifico. Non garantiamo l&#039;accuratezza o la tempestivit\u00e0 delle informazioni. Ricordati sempre di leggere le condizioni d&#039;uso e i termini degli istituti che sceglierai. Riceviamo una piccola somma dalla pubblicit\u00e0 sul nostro sito e dai nostri partner quando segnaliamo un utente che richiede un prodotto o una proposta. Tutto ci\u00f2 che pubblichiamo si basa su valutazioni quantitative e qualitative di ciascun prodotto. Vale la pena notare che i nostri partner possono influenzare direttamente i prodotti di cui scriviamo e recensiamo, nonch\u00e9 l&#039;ordine dei &quot;migliori&quot; articoli e il posizionamento dei prodotti su YokoHub. Considerata la quantit\u00e0 di informazioni presenti sul nostro sito web, non forniamo alcun tipo di garanzia circa la qualit\u00e0 e l&#039;attualit\u00e0 delle informazioni; Pertanto, diamo priorit\u00e0 alle informazioni provenienti dai nostri partner.<\/p>\n<p>Per proteggere le tue informazioni personali, prendiamo precauzioni ragionevoli e seguiamo le migliori pratiche del settore per assicurarci che non vengano perse, utilizzate in modo improprio, consultate, divulgate, alterate o distrutte in modo inappropriato.<\/p>\n<h2 class=\"wp-block-heading\">Collegamenti a siti di terzi<\/h2>\n<p>YokoHub contiene collegamenti ad altri siti Web che, a nostro avviso, potrebbero contenere informazioni\/strumenti utili per i nostri visitatori. La nostra Informativa sulla privacy non si applica ai siti Web di terzi. Non siamo responsabili per la politica sulla privacy o i contenuti presenti su questi stessi siti web. YokoHub non esercita alcun tipo di controllo su di essi e, pertanto, \u00e8 esente da qualsiasi responsabilit\u00e0 nei rapporti instaurati tra l&#039;Utente e i prodotti e servizi di terze parti pubblicizzati sul sito.<\/p>\n<p>Una volta che lasci il nostro sito web o vieni reindirizzato a un sito web o a un&#039;applicazione di terze parti, non sei pi\u00f9 regolato dalla presente Informativa sulla privacy o dai Termini di servizio del nostro sito web.<\/p>\n<p>Se dopo aver aderito cambi idea, puoi revocare il tuo consenso a contattarti, per la raccolta, l&#039;uso o la divulgazione continua delle tue informazioni, in qualsiasi momento, contattandoci all&#039;indirizzo contato@yokohub.com<\/p>\n<h2 class=\"wp-block-heading\">Dati non personali<\/h2>\n<p>Quando gli utenti non richiedono contenuti gratuiti da YokoHub (e-book, quiz, articoli, infografiche, tra gli altri), possono essere tracciati e raccolti dati non personali, indicando, tra gli altri dettagli, quali pagine del sito web sono state visitate, quando sono sono stati visitati, quali collegamenti ipertestuali sono stati cliccati, quali contenuti o servizi sono stati richiesti o consigliati, tra gli altri.<\/p>\n<h2 class=\"wp-block-heading\">Biscotti<\/h2>\n<p>Google, in qualit\u00e0 di fornitore di terze parti, utilizza i cookie per pubblicare annunci. Con il cookie DART, Google pu\u00f2 pubblicare annunci in base alle tue visite ad altri siti web su Internet. Gli utenti possono disattivare il cookie DART visitando l&#039;informativa sulla privacy della rete di contenuti e annunci di Google.<\/p>\n<p>YokoHub utilizza i cookie per contribuire a raccogliere dati e informazioni di identificazione IP (Protocollo Internet) per facilitare la navigazione dell&#039;Utente, contribuendo a garantire la sicurezza, la protezione e l&#039;autenticit\u00e0 dei dati.<\/p>\n<p>Inoltre, utilizziamo anche pubblicit\u00e0 di terze parti sul nostro sito Web per sostenere i costi di manutenzione. Alcuni di questi inserzionisti possono utilizzare tecnologie come i cookie quando fanno pubblicit\u00e0 sul nostro sito Web, il che significa che questi inserzionisti (come Google tramite Google AdSense e Ad Exchange) riceveranno anche le tue informazioni personali, come il tuo indirizzo IP, il tuo ISP, il tuo browser, ecc. Questa funzione viene generalmente utilizzata per il targeting geografico (mostrando annunci sensati in base alla tua posizione geografica).<\/p>\n<p>L&#039;Utente potr\u00e0 in ogni momento modificare se accettare o meno i cookie nella configurazione del proprio browser, tenendo presente che disattivando i cookie di navigazione alcune funzionalit\u00e0 di YokoHub potrebbero essere compromesse.<\/p>\n<h2 class=\"wp-block-heading\">Dati di identificazione personale<\/h2>\n<p>Per accedere ai contenuti gratuiti su YokoHub, come articoli, ebook, quiz, tra gli altri, l&#039;utente deve fornire alcuni dati personali identificabili, vale a dire: email e nome completo.<\/p>\n<p>Le finalit\u00e0 dei dati personali identificabili trattati da YokoHub sono:<\/p>\n<p>\u2013 corretta ed accurata identificazione dell\u2019Utente, garantendo cos\u00ec maggiore sicurezza e tutela per gli Utenti stessi;<\/p>\n<p>\u2013 Accesso ai servizi e prodotti resi disponibili da YokoHub;<\/p>\n<p>\u2013 Analisi dei profili degli Utenti da parte di YokoHub con l&#039;obiettivo di indicare i migliori prodotti e informazioni in base alle loro reali esigenze e realt\u00e0.<\/p>\n<p>Al fine di un&#039;analisi ancora pi\u00f9 precisa del profilo dell&#039;Utente, YokoHub pu\u00f2 effettuare ricerche per ottenere maggiori e migliori informazioni su di te e, quindi, indicare prodotti e servizi personalizzati in base alle preferenze e alle esigenze di ciascun Utente.<\/p>\n<p>In questo modo, YokoHub e le aziende partner potranno invitare gli Utenti a partecipare a sondaggi di soddisfazione, ai quali verranno inviate email con le indicazioni necessarie. I dati raccolti verranno utilizzati con l&#039;obiettivo principale di ricercare miglioramenti nei sistemi, prodotti, contenuti e servizi offerti da YokoHub e dalle societ\u00e0 partner.<\/p>\n<p>Se un utente ci contatta per segnalare un problema, porre una domanda o ottenere supporto, raccogliamo e memorizziamo le informazioni di contatto dell&#039;utente, nonch\u00e9 i rispettivi messaggi e altri dati necessari per indagare sul problema o sulla domanda. Questi dati verranno utilizzati per risolvere eventuali quesiti sulla base delle informazioni raccolte, risolvere dubbi, correggere problemi e migliorare il sistema, migliorando ulteriormente l&#039;esperienza dell&#039;Utente all&#039;interno di YokoHub.<\/p>\n<h2 class=\"wp-block-heading\">Informazioni sulla condivisione dei dati<\/h2>\n<p>YokoHub non vender\u00e0 informazioni o dati personali dei propri Utenti, ma potr\u00e0 condividerli con aziende partner allo scopo di poter indicare prodotti e servizi pi\u00f9 adatti al loro profilo ed esigenze o per fornire prodotti e\/o servizi richiesti dall&#039;Utente stesso .<\/p>\n<p>YokoHub si riserva il diritto di assistere o cooperare con qualsiasi autorit\u00e0 giudiziaria o ente governativo e pu\u00f2 condividere i dati personali degli Utenti al fine di: a) stabilire o esercitare i propri diritti legali; b) tutelare le proprie propriet\u00e0; c) quando ritieni che la tua assistenza o collaborazione sia necessaria per proteggere i tuoi Utenti, collaboratori, amministratori o chiunque sia danneggiato dall&#039;azione o dall&#039;omissione.<\/p>\n<h2 class=\"wp-block-heading\">Informazioni sui dati non trattati e non raccolti<\/h2>\n<p>YokoHub non tratta i dati personali dei bambini di et\u00e0 inferiore a 13 (tredici) anni, senza la previa autorizzazione dei genitori o dei tutori legali.<\/p>\n<p>Qualora i dati personali di minori di 13 (tredici) anni vengano raccolti e trattati, senza l&#039;espressa autorizzazione dei genitori o dei tutori legali, in modo involontario, YokoHub canceller\u00e0 tutti i dati raccolti, senza alcun tipo di preavviso.<\/p>\n<p>Se l&#039;Utente si accorge che abbiamo erroneamente trattato dati di un bambino, chiediamo che ci contatti immediatamente via email <a>contato@yokohub.com<\/a>, in modo da poter adottare le misure necessarie.<\/p>","protected":false},"excerpt":{"rendered":"<p>Todas as informa\u00e7\u00f5es recolhidas ser\u00e3o utilizadas para melhorar sua experi\u00eancia dentro do nosso site. As informa\u00e7\u00f5es recolhidas podem incluir o seu nome, email, n\u00famero de telefone e\/ou outros. O uso do YokoHub pressup\u00f5e a aceita\u00e7\u00e3o deste Acordo de Privacidade. Caso o usu\u00e1rio n\u00e3o concorde, ainda que em parte, com os termos e condi\u00e7\u00f5es contidos nesta &#8230; <a title=\"politica sulla riservatezza\" class=\"read-more\" href=\"https:\/\/yokohub.com\/it\/politica-de-privacidade\/\" aria-label=\"Per saperne di pi\u00f9 su Politica de Privacidade\">Per saperne di pi\u00f9<\/a><\/p>","protected":false},"author":1,"featured_media":0,"parent":0,"menu_order":0,"comment_status":"closed","ping_status":"closed","template":"","meta":{"footnotes":""},"class_list":["post-47343","page","type-page","status-publish"],"_links":{"self":[{"href":"https:\/\/yokohub.com\/it\/wp-json\/wp\/v2\/pages\/47343","targetHints":{"allow":["GET"]}}],"collection":[{"href":"https:\/\/yokohub.com\/it\/wp-json\/wp\/v2\/pages"}],"about":[{"href":"https:\/\/yokohub.com\/it\/wp-json\/wp\/v2\/types\/page"}],"author":[{"embeddable":true,"href":"https:\/\/yokohub.com\/it\/wp-json\/wp\/v2\/users\/1"}],"replies":[{"embeddable":true,"href":"https:\/\/yokohub.com\/it\/wp-json\/wp\/v2\/comments?post=47343"}],"version-history":[{"count":3,"href":"https:\/\/yokohub.com\/it\/wp-json\/wp\/v2\/pages\/47343\/revisions"}],"predecessor-version":[{"id":48371,"href":"https:\/\/yokohub.com\/it\/wp-json\/wp\/v2\/pages\/47343\/revisions\/48371"}],"wp:attachment":[{"href":"https:\/\/yokohub.com\/it\/wp-json\/wp\/v2\/media?parent=47343"}],"curies":[{"name":"parola chiave","href":"https:\/\/api.w.org\/{rel}","templated":true}]}}