{"id":47341,"date":"2024-11-05T00:53:27","date_gmt":"2024-11-05T00:53:27","guid":{"rendered":"https:\/\/yokohub.com\/?page_id=47341"},"modified":"2025-03-21T23:39:40","modified_gmt":"2025-03-21T23:39:40","slug":"condiciones-de-uso","status":"publish","type":"page","link":"https:\/\/yokohub.com\/es_us\/termos-de-uso\/","title":{"rendered":"Condiciones de uso"},"content":{"rendered":"<h2 class=\"wp-block-heading\">Condiciones de uso de YokoHub<\/h2>\n<p>Al acceder al sitio web de YokoHub, usted acepta cumplir con estos t\u00e9rminos de servicio, todas las leyes y regulaciones aplicables, y acepta que es responsable del cumplimiento de todas las leyes locales aplicables. Si no est\u00e1 de acuerdo con alguno de estos t\u00e9rminos, se le proh\u00edbe utilizar o acceder a este sitio. Los materiales contenidos en este sitio web est\u00e1n protegidos por las leyes de derechos de autor y marcas registradas aplicables.<\/p>\n<h2 class=\"wp-block-heading\">Licencia de uso<\/h2>\n<p>Se concede permiso para descargar temporalmente una copia de los materiales (informaci\u00f3n o software) del sitio web de YokoHub \u00fanicamente para visualizaci\u00f3n transitoria personal y no comercial. Esta es la concesi\u00f3n de una licencia, no una transferencia de t\u00edtulo, y bajo esta licencia usted no puede:<\/p>\n<ul class=\"wp-block-list\">\n<li>modificar o copiar los materiales;<\/li>\n<li>utilizar los materiales para cualquier prop\u00f3sito comercial o para cualquier exhibici\u00f3n p\u00fablica (comercial o no comercial);<\/li>\n<li>intentar descompilar o realizar ingenier\u00eda inversa a cualquier software contenido en el sitio web de YokoHub;<\/li>\n<li>eliminar cualquier copyright u otras notaciones de propiedad de los materiales; o<\/li>\n<li>transferir los materiales a otra persona o &#039;duplicar&#039; los materiales en cualquier otro servidor. Esta licencia finalizar\u00e1 autom\u00e1ticamente si usted viola alguna de estas restricciones y YokoHub podr\u00e1 rescindirla en cualquier momento. Al finalizar la visualizaci\u00f3n de estos materiales o al finalizar esta licencia, deber\u00e1 destruir cualquier material descargado que se encuentre en su posesi\u00f3n, ya sea en formato electr\u00f3nico o impreso.<\/li>\n<\/ul>\n<h2 class=\"wp-block-heading\">Descargo de responsabilidad<\/h2>\n<p>Los materiales del sitio web de YokoHub se proporcionan &quot;tal cual&quot;. YokoHub no ofrece garant\u00edas, expresas o impl\u00edcitas, y por la presente renuncia y niega todas las dem\u00e1s garant\u00edas, incluidas, entre otras, las garant\u00edas o condiciones impl\u00edcitas de comerciabilidad, idoneidad para un prop\u00f3sito particular o no infracci\u00f3n de la propiedad intelectual u otra violaci\u00f3n de derechos.<\/p>\n<p>Adem\u00e1s, YokoHub no garantiza ni hace ninguna declaraci\u00f3n sobre la precisi\u00f3n, los resultados probables o la confiabilidad del uso de los materiales en su sitio web o de otro modo relacionados con dichos materiales o en cualquier sitio vinculado a este sitio.<\/p>\n<h2 class=\"wp-block-heading\">Limitaciones<\/h2>\n<p>En ning\u00fan caso YokoHub o sus proveedores ser\u00e1n responsables de ning\u00fan da\u00f1o (incluidos, sin limitaciones, da\u00f1os por p\u00e9rdida de datos o ganancias o debido a la interrupci\u00f3n del negocio) que surja del uso o la imposibilidad de usar los materiales en el sitio de Internet de YokoHub, incluso si YokoHub o un representante autorizado de YokoHub ha sido notificado oralmente o por escrito de la posibilidad de tal da\u00f1o. Debido a que algunas jurisdicciones no permiten limitaciones en las garant\u00edas impl\u00edcitas o limitaciones de responsabilidad por da\u00f1os consecuentes o incidentales, estas limitaciones pueden no aplicarse en su caso.<\/p>\n<h2 class=\"wp-block-heading\">Precisi\u00f3n de los materiales<\/h2>\n<p>Los materiales que se muestran en el sitio web de YokoHub podr\u00edan incluir errores t\u00e9cnicos, tipogr\u00e1ficos o fotogr\u00e1ficos. YokoHub no garantiza que el material de su sitio web sea preciso, completo o actual. YokoHub puede realizar cambios en los materiales contenidos en su sitio web en cualquier momento sin previo aviso. Sin embargo, YokoHub no asume ning\u00fan compromiso de actualizar los materiales.<\/p>\n<h2 class=\"wp-block-heading\">Campo de golf<\/h2>\n<p>YokoHub no ha revisado todos los sitios vinculados a su sitio web y no es responsable del contenido de ninguno de dichos sitios vinculados. La inclusi\u00f3n de cualquier enlace no implica la aprobaci\u00f3n por parte de YokoHub del sitio. El uso de cualquier sitio web vinculado se realiza por cuenta y riesgo del usuario.<\/p>\n<h2 class=\"wp-block-heading\">Modificaciones<\/h2>\n<p>YokoHub puede revisar estos t\u00e9rminos de servicio para su sitio web en cualquier momento sin previo aviso. Al utilizar este sitio web, usted acepta estar sujeto a la versi\u00f3n vigente en ese momento de estos t\u00e9rminos de servicio.<\/p>\n<p>Ley aplicable Estos t\u00e9rminos y condiciones se rigen e interpretan de conformidad con las leyes de YokoHub y usted se somete irrevocablemente a la jurisdicci\u00f3n exclusiva de los tribunales de ese estado o ubicaci\u00f3n.<\/p>\n<h2 id=\"lei-aplicavel\" class=\"wp-block-heading\">Ley aplicable<\/h2>\n<p>Estos t\u00e9rminos y condiciones se rigen e interpretan de conformidad con las leyes de YokoHub y usted se somete irrevocablemente a la jurisdicci\u00f3n exclusiva de los tribunales de ese estado o ubicaci\u00f3n.<\/p>","protected":false},"excerpt":{"rendered":"<p>Termos de Uso do YokoHub Ao acessar ao site YokoHub, concorda em cumprir estes termos de servi\u00e7o, todas as leis e regulamentos aplic\u00e1veis e concorda que \u00e9 respons\u00e1vel pelo cumprimento de todas as leis locais aplic\u00e1veis. Se voc\u00ea n\u00e3o concordar com algum desses termos, est\u00e1 proibido de usar ou acessar este site. Os materiais contidos &#8230; <a title=\"Condiciones de uso\" class=\"read-more\" href=\"https:\/\/yokohub.com\/es_us\/termos-de-uso\/\" aria-label=\"Read more about Termos de Uso\">leer m\u00e1s<\/a><\/p>","protected":false},"author":1,"featured_media":0,"parent":0,"menu_order":0,"comment_status":"closed","ping_status":"closed","template":"","meta":{"footnotes":""},"class_list":["post-47341","page","type-page","status-publish"],"_links":{"self":[{"href":"https:\/\/yokohub.com\/es_us\/wp-json\/wp\/v2\/pages\/47341","targetHints":{"allow":["GET"]}}],"collection":[{"href":"https:\/\/yokohub.com\/es_us\/wp-json\/wp\/v2\/pages"}],"about":[{"href":"https:\/\/yokohub.com\/es_us\/wp-json\/wp\/v2\/types\/page"}],"author":[{"embeddable":true,"href":"https:\/\/yokohub.com\/es_us\/wp-json\/wp\/v2\/users\/1"}],"replies":[{"embeddable":true,"href":"https:\/\/yokohub.com\/es_us\/wp-json\/wp\/v2\/comments?post=47341"}],"version-history":[{"count":4,"href":"https:\/\/yokohub.com\/es_us\/wp-json\/wp\/v2\/pages\/47341\/revisions"}],"predecessor-version":[{"id":48359,"href":"https:\/\/yokohub.com\/es_us\/wp-json\/wp\/v2\/pages\/47341\/revisions\/48359"}],"wp:attachment":[{"href":"https:\/\/yokohub.com\/es_us\/wp-json\/wp\/v2\/media?parent=47341"}],"curies":[{"name":"gracias","href":"https:\/\/api.w.org\/{rel}","templated":true}]}}